{"id":497,"date":"2018-09-27T02:14:52","date_gmt":"2018-09-27T02:14:52","guid":{"rendered":"http:\/\/www.sundicuttingtools.com\/?page_id=497"},"modified":"2021-10-19T07:46:47","modified_gmt":"2021-10-19T07:46:47","slug":"nouvelles","status":"publish","type":"page","link":"https:\/\/www.sundicuttingtools.com\/fr\/news\/","title":{"rendered":"nouvelles"},"content":{"rendered":"<div data-elementor-type=\"wp-post\" data-elementor-id=\"497\" class=\"elementor elementor-497\" data-elementor-post-type=\"page\">\n\t\t\t\t\t\t<section class=\"elementor-section elementor-top-section elementor-element elementor-element-5d9b525 elementor-section-boxed elementor-section-height-default elementor-section-height-default\" data-id=\"5d9b525\" data-element_type=\"section\" data-e-type=\"section\">\n\t\t\t\t\t\t<div class=\"elementor-container elementor-column-gap-default\">\n\t\t\t\t\t<div class=\"elementor-column elementor-col-100 elementor-top-column elementor-element elementor-element-79d163e\" data-id=\"79d163e\" data-element_type=\"column\" data-e-type=\"column\">\n\t\t\t<div class=\"elementor-widget-wrap elementor-element-populated\">\n\t\t\t\t\t\t<div class=\"elementor-element elementor-element-290d560 elementor-grid-1 elementor-posts--thumbnail-left elementor-grid-tablet-1 elementor-grid-mobile-1 elementor-widget elementor-widget-posts\" data-id=\"290d560\" data-element_type=\"widget\" data-e-type=\"widget\" data-settings=\"{&quot;classic_columns&quot;:&quot;1&quot;,&quot;classic_columns_tablet&quot;:&quot;1&quot;,&quot;classic_columns_mobile&quot;:&quot;1&quot;,&quot;classic_row_gap&quot;:{&quot;unit&quot;:&quot;px&quot;,&quot;size&quot;:35,&quot;sizes&quot;:[]},&quot;classic_row_gap_tablet&quot;:{&quot;unit&quot;:&quot;px&quot;,&quot;size&quot;:&quot;&quot;,&quot;sizes&quot;:[]},&quot;classic_row_gap_mobile&quot;:{&quot;unit&quot;:&quot;px&quot;,&quot;size&quot;:&quot;&quot;,&quot;sizes&quot;:[]}}\" data-widget_type=\"posts.classic\">\n\t\t\t\t<div class=\"elementor-widget-container\">\n\t\t\t\t\t\t\t<div class=\"elementor-posts-container elementor-posts elementor-posts--skin-classic elementor-grid\" role=\"list\">\n\t\t\t\t<article class=\"elementor-post elementor-grid-item post-31939 post type-post status-publish format-standard has-post-thumbnail hentry category-technology-articles\" role=\"listitem\">\n\t\t\t\t<a class=\"elementor-post__thumbnail__link\" href=\"https:\/\/www.sundicuttingtools.com\/fr\/news\/technology-articles\/blind-holes-the-expert-guide-to-drilling-and-tapping\/\" tabindex=\"-1\">\n\t\t\t<div class=\"elementor-post__thumbnail\"><img fetchpriority=\"high\" decoding=\"async\" width=\"300\" height=\"244\" src=\"https:\/\/www.sundicuttingtools.com\/wp-content\/uploads\/2025\/11\/Blind-Holes-300x244.webp\" class=\"attachment-medium size-medium wp-image-31926\" alt=\"Trous borgnes\" srcset=\"https:\/\/www.sundicuttingtools.com\/wp-content\/uploads\/2025\/11\/Blind-Holes-300x244.webp 300w, https:\/\/www.sundicuttingtools.com\/wp-content\/uploads\/2025\/11\/Blind-Holes-1024x832.webp 1024w, https:\/\/www.sundicuttingtools.com\/wp-content\/uploads\/2025\/11\/Blind-Holes-768x624.webp 768w, https:\/\/www.sundicuttingtools.com\/wp-content\/uploads\/2025\/11\/Blind-Holes-1536x1248.webp 1536w, https:\/\/www.sundicuttingtools.com\/wp-content\/uploads\/2025\/11\/Blind-Holes-2048x1664.webp 2048w, https:\/\/www.sundicuttingtools.com\/wp-content\/uploads\/2025\/11\/Blind-Holes-15x12.webp 15w\" sizes=\"(max-width: 300px) 100vw, 300px\" \/><\/div>\n\t\t<\/a>\n\t\t\t\t<div class=\"elementor-post__text\">\n\t\t\t\t<h3 class=\"elementor-post__title\">\n\t\t\t<a href=\"https:\/\/www.sundicuttingtools.com\/fr\/news\/technology-articles\/blind-holes-the-expert-guide-to-drilling-and-tapping\/\">\n\t\t\t\tTrous aveugles : Le guide de l'expert en mati\u00e8re de per\u00e7age et de taraudage\t\t\t<\/a>\n\t\t<\/h3>\n\t\t\t\t<div class=\"elementor-post__meta-data\">\n\t\t\t\t\t<span class=\"elementor-post-date\">\n\t\t\t22\/04\/2026\t\t<\/span>\n\t\t\t\t<\/div>\n\t\t\t\t<div class=\"elementor-post__excerpt\">\n\t\t\t<p>Blind Holes: The Expert Guide to Drilling and Tapping A blind hole is a hole that does not break through the opposite side of a<\/p>\n\t\t<\/div>\n\t\t\n\t\t<a class=\"elementor-post__read-more\" href=\"https:\/\/www.sundicuttingtools.com\/fr\/news\/technology-articles\/blind-holes-the-expert-guide-to-drilling-and-tapping\/\" aria-label=\"En savoir plus sur Blind Holes: The Expert Guide to Drilling and Tapping\" tabindex=\"-1\">\n\t\t\tLire plus \"\t\t<\/a>\n\n\t\t\t\t<\/div>\n\t\t\t\t<\/article>\n\t\t\t\t<article class=\"elementor-post elementor-grid-item post-31910 post type-post status-publish format-standard has-post-thumbnail hentry category-technology-articles\" role=\"listitem\">\n\t\t\t\t<a class=\"elementor-post__thumbnail__link\" href=\"https:\/\/www.sundicuttingtools.com\/fr\/news\/technology-articles\/dynamic-milling-complete-guide-for-beginners\/\" tabindex=\"-1\">\n\t\t\t<div class=\"elementor-post__thumbnail\"><img decoding=\"async\" width=\"300\" height=\"225\" src=\"https:\/\/www.sundicuttingtools.com\/wp-content\/uploads\/2025\/11\/Dynamic-Milling-300x225.webp\" class=\"attachment-medium size-medium wp-image-31906\" alt=\"Fraisage dynamique\" srcset=\"https:\/\/www.sundicuttingtools.com\/wp-content\/uploads\/2025\/11\/Dynamic-Milling-300x225.webp 300w, https:\/\/www.sundicuttingtools.com\/wp-content\/uploads\/2025\/11\/Dynamic-Milling-768x576.webp 768w, https:\/\/www.sundicuttingtools.com\/wp-content\/uploads\/2025\/11\/Dynamic-Milling-16x12.webp 16w, https:\/\/www.sundicuttingtools.com\/wp-content\/uploads\/2025\/11\/Dynamic-Milling.webp 800w\" sizes=\"(max-width: 300px) 100vw, 300px\" \/><\/div>\n\t\t<\/a>\n\t\t\t\t<div class=\"elementor-post__text\">\n\t\t\t\t<h3 class=\"elementor-post__title\">\n\t\t\t<a href=\"https:\/\/www.sundicuttingtools.com\/fr\/news\/technology-articles\/dynamic-milling-complete-guide-for-beginners\/\">\n\t\t\t\tFraisage dynamique : Guide complet pour les d\u00e9butants\t\t\t<\/a>\n\t\t<\/h3>\n\t\t\t\t<div class=\"elementor-post__meta-data\">\n\t\t\t\t\t<span class=\"elementor-post-date\">\n\t\t\t16\/04\/2026\t\t<\/span>\n\t\t\t\t<\/div>\n\t\t\t\t<div class=\"elementor-post__excerpt\">\n\t\t\t<p>Fraisage dynamique : Guide complet pour les d\u00e9butants Le fraisage dynamique est une m\u00e9thode de d\u00e9coupe du m\u00e9tal qui permet \u00e0 l'outil de suivre une trajectoire r\u00e9guli\u00e8re et constante. Il s'agit<\/p>\n\t\t<\/div>\n\t\t\n\t\t<a class=\"elementor-post__read-more\" href=\"https:\/\/www.sundicuttingtools.com\/fr\/news\/technology-articles\/dynamic-milling-complete-guide-for-beginners\/\" aria-label=\"En savoir plus sur Dynamic Milling: Complete Guide for Beginners\" tabindex=\"-1\">\n\t\t\tLire plus \"\t\t<\/a>\n\n\t\t\t\t<\/div>\n\t\t\t\t<\/article>\n\t\t\t\t<article class=\"elementor-post elementor-grid-item post-31890 post type-post status-publish format-standard has-post-thumbnail hentry category-technology-articles\" role=\"listitem\">\n\t\t\t\t<a class=\"elementor-post__thumbnail__link\" href=\"https:\/\/www.sundicuttingtools.com\/fr\/news\/technology-articles\/horizontal-vs-vertical-cnc-machines-whats-the-difference\/\" tabindex=\"-1\">\n\t\t\t<div class=\"elementor-post__thumbnail\"><img decoding=\"async\" width=\"300\" height=\"168\" src=\"https:\/\/www.sundicuttingtools.com\/wp-content\/uploads\/2025\/11\/Horizontal-vs.-Vertical-CNC-Machines-300x168.webp\" class=\"attachment-medium size-medium wp-image-31888\" alt=\"Machines CNC horizontales vs. verticales\" srcset=\"https:\/\/www.sundicuttingtools.com\/wp-content\/uploads\/2025\/11\/Horizontal-vs.-Vertical-CNC-Machines-300x168.webp 300w, https:\/\/www.sundicuttingtools.com\/wp-content\/uploads\/2025\/11\/Horizontal-vs.-Vertical-CNC-Machines-768x429.webp 768w, https:\/\/www.sundicuttingtools.com\/wp-content\/uploads\/2025\/11\/Horizontal-vs.-Vertical-CNC-Machines-18x10.webp 18w, https:\/\/www.sundicuttingtools.com\/wp-content\/uploads\/2025\/11\/Horizontal-vs.-Vertical-CNC-Machines.webp 800w\" sizes=\"(max-width: 300px) 100vw, 300px\" \/><\/div>\n\t\t<\/a>\n\t\t\t\t<div class=\"elementor-post__text\">\n\t\t\t\t<h3 class=\"elementor-post__title\">\n\t\t\t<a href=\"https:\/\/www.sundicuttingtools.com\/fr\/news\/technology-articles\/horizontal-vs-vertical-cnc-machines-whats-the-difference\/\">\n\t\t\t\tUsinage CNC horizontal ou vertical : quelle est la diff\u00e9rence ?\t\t\t<\/a>\n\t\t<\/h3>\n\t\t\t\t<div class=\"elementor-post__meta-data\">\n\t\t\t\t\t<span class=\"elementor-post-date\">\n\t\t\t11\/04\/2026\t\t<\/span>\n\t\t\t\t<\/div>\n\t\t\t\t<div class=\"elementor-post__excerpt\">\n\t\t\t<p>Machines CNC horizontales et verticales : Quelle est la diff\u00e9rence ? Le fraisage est l'un des diff\u00e9rents proc\u00e9d\u00e9s utilis\u00e9s dans l'usinage. Lors du fraisage, l'outil de coupe rotatif enl\u00e8ve la mati\u00e8re...<\/p>\n\t\t<\/div>\n\t\t\n\t\t<a class=\"elementor-post__read-more\" href=\"https:\/\/www.sundicuttingtools.com\/fr\/news\/technology-articles\/horizontal-vs-vertical-cnc-machines-whats-the-difference\/\" aria-label=\"En savoir plus sur Horizontal vs. Vertical CNC Machines: What\u2019s the Difference?\" tabindex=\"-1\">\n\t\t\tLire plus \"\t\t<\/a>\n\n\t\t\t\t<\/div>\n\t\t\t\t<\/article>\n\t\t\t\t<article class=\"elementor-post elementor-grid-item post-31783 post type-post status-publish format-standard has-post-thumbnail hentry category-technology-articles\" role=\"listitem\">\n\t\t\t\t<a class=\"elementor-post__thumbnail__link\" href=\"https:\/\/www.sundicuttingtools.com\/fr\/news\/technology-articles\/a-comprehensive-guide-to-deep-hole-drilling\/\" tabindex=\"-1\">\n\t\t\t<div class=\"elementor-post__thumbnail\"><img loading=\"lazy\" decoding=\"async\" width=\"300\" height=\"225\" src=\"https:\/\/www.sundicuttingtools.com\/wp-content\/uploads\/2025\/11\/Schematic-diagram-of-deep-hole-machining-300x225.webp\" class=\"attachment-medium size-medium wp-image-31777\" alt=\"Sch\u00e9ma de principe de per\u00e7age profond\" srcset=\"https:\/\/www.sundicuttingtools.com\/wp-content\/uploads\/2025\/11\/Schematic-diagram-of-deep-hole-machining-300x225.webp 300w, https:\/\/www.sundicuttingtools.com\/wp-content\/uploads\/2025\/11\/Schematic-diagram-of-deep-hole-machining-768x576.webp 768w, https:\/\/www.sundicuttingtools.com\/wp-content\/uploads\/2025\/11\/Schematic-diagram-of-deep-hole-machining-16x12.webp 16w, https:\/\/www.sundicuttingtools.com\/wp-content\/uploads\/2025\/11\/Schematic-diagram-of-deep-hole-machining.webp 800w\" sizes=\"(max-width: 300px) 100vw, 300px\" \/><\/div>\n\t\t<\/a>\n\t\t\t\t<div class=\"elementor-post__text\">\n\t\t\t\t<h3 class=\"elementor-post__title\">\n\t\t\t<a href=\"https:\/\/www.sundicuttingtools.com\/fr\/news\/technology-articles\/a-comprehensive-guide-to-deep-hole-drilling\/\">\n\t\t\t\tGuide complet sur le forage de trous profonds\t\t\t<\/a>\n\t\t<\/h3>\n\t\t\t\t<div class=\"elementor-post__meta-data\">\n\t\t\t\t\t<span class=\"elementor-post-date\">\n\t\t\t27\/03\/2026\t\t<\/span>\n\t\t\t\t<\/div>\n\t\t\t\t<div class=\"elementor-post__excerpt\">\n\t\t\t<p>Guide complet sur le per\u00e7age de trous profonds Dans l'industrie manufacturi\u00e8re, diverses techniques sont utilis\u00e9es pour produire des trous pr\u00e9cis. L'une des m\u00e9thodes les plus r\u00e9pandues est le per\u00e7age profond.<\/p>\n\t\t<\/div>\n\t\t\n\t\t<a class=\"elementor-post__read-more\" href=\"https:\/\/www.sundicuttingtools.com\/fr\/news\/technology-articles\/a-comprehensive-guide-to-deep-hole-drilling\/\" aria-label=\"En savoir plus sur A Comprehensive Guide to Deep Hole Drilling\" tabindex=\"-1\">\n\t\t\tLire plus \"\t\t<\/a>\n\n\t\t\t\t<\/div>\n\t\t\t\t<\/article>\n\t\t\t\t<article class=\"elementor-post elementor-grid-item post-31765 post type-post status-publish format-standard has-post-thumbnail hentry category-technology-articles\" role=\"listitem\">\n\t\t\t\t<a class=\"elementor-post__thumbnail__link\" href=\"https:\/\/www.sundicuttingtools.com\/fr\/news\/technology-articles\/positive-angle-inserts-vs-negative-angle-inserts\/\" tabindex=\"-1\">\n\t\t\t<div class=\"elementor-post__thumbnail\"><img loading=\"lazy\" decoding=\"async\" width=\"300\" height=\"225\" src=\"https:\/\/www.sundicuttingtools.com\/wp-content\/uploads\/2025\/11\/positive-angle-vs-negative-angel-300x225.webp\" class=\"attachment-medium size-medium wp-image-31762\" alt=\"angle positif vs angle n\u00e9gatif\" srcset=\"https:\/\/www.sundicuttingtools.com\/wp-content\/uploads\/2025\/11\/positive-angle-vs-negative-angel-300x225.webp 300w, https:\/\/www.sundicuttingtools.com\/wp-content\/uploads\/2025\/11\/positive-angle-vs-negative-angel-768x576.webp 768w, https:\/\/www.sundicuttingtools.com\/wp-content\/uploads\/2025\/11\/positive-angle-vs-negative-angel-16x12.webp 16w, https:\/\/www.sundicuttingtools.com\/wp-content\/uploads\/2025\/11\/positive-angle-vs-negative-angel.webp 800w\" sizes=\"(max-width: 300px) 100vw, 300px\" \/><\/div>\n\t\t<\/a>\n\t\t\t\t<div class=\"elementor-post__text\">\n\t\t\t\t<h3 class=\"elementor-post__title\">\n\t\t\t<a href=\"https:\/\/www.sundicuttingtools.com\/fr\/news\/technology-articles\/positive-angle-inserts-vs-negative-angle-inserts\/\">\n\t\t\t\tInserts \u00e0 angle positif contre inserts \u00e0 angle n\u00e9gatif\t\t\t<\/a>\n\t\t<\/h3>\n\t\t\t\t<div class=\"elementor-post__meta-data\">\n\t\t\t\t\t<span class=\"elementor-post-date\">\n\t\t\t27\/03\/2026\t\t<\/span>\n\t\t\t\t<\/div>\n\t\t\t\t<div class=\"elementor-post__excerpt\">\n\t\t\t<p>Plaquettes \u00e0 angle positif et plaquettes \u00e0 angle n\u00e9gatif Si vous observez le tournage et le fraisage CNC, vous verrez que la g\u00e9om\u00e9trie des plaquettes de coupe joue un r\u00f4le essentiel.<\/p>\n\t\t<\/div>\n\t\t\n\t\t<a class=\"elementor-post__read-more\" href=\"https:\/\/www.sundicuttingtools.com\/fr\/news\/technology-articles\/positive-angle-inserts-vs-negative-angle-inserts\/\" aria-label=\"En savoir plus sur Positive Angle Inserts vs Negative Angle Inserts\" tabindex=\"-1\">\n\t\t\tLire plus \"\t\t<\/a>\n\n\t\t\t\t<\/div>\n\t\t\t\t<\/article>\n\t\t\t\t<article class=\"elementor-post elementor-grid-item post-31731 post type-post status-publish format-standard has-post-thumbnail hentry category-technology-articles\" role=\"listitem\">\n\t\t\t\t<a class=\"elementor-post__thumbnail__link\" href=\"https:\/\/www.sundicuttingtools.com\/fr\/news\/technology-articles\/types-of-circular-saw-blades\/\" tabindex=\"-1\">\n\t\t\t<div class=\"elementor-post__thumbnail\"><img loading=\"lazy\" decoding=\"async\" width=\"300\" height=\"234\" src=\"https:\/\/www.sundicuttingtools.com\/wp-content\/uploads\/2025\/11\/Types-of-Circular-Saw-Blades-300x234.webp\" class=\"attachment-medium size-medium wp-image-31728\" alt=\"Types de lames de scies circulaires\" srcset=\"https:\/\/www.sundicuttingtools.com\/wp-content\/uploads\/2025\/11\/Types-of-Circular-Saw-Blades-300x234.webp 300w, https:\/\/www.sundicuttingtools.com\/wp-content\/uploads\/2025\/11\/Types-of-Circular-Saw-Blades-1024x799.webp 1024w, https:\/\/www.sundicuttingtools.com\/wp-content\/uploads\/2025\/11\/Types-of-Circular-Saw-Blades-768x600.webp 768w, https:\/\/www.sundicuttingtools.com\/wp-content\/uploads\/2025\/11\/Types-of-Circular-Saw-Blades-1536x1199.webp 1536w, https:\/\/www.sundicuttingtools.com\/wp-content\/uploads\/2025\/11\/Types-of-Circular-Saw-Blades-15x12.webp 15w, https:\/\/www.sundicuttingtools.com\/wp-content\/uploads\/2025\/11\/Types-of-Circular-Saw-Blades.webp 1591w\" sizes=\"(max-width: 300px) 100vw, 300px\" \/><\/div>\n\t\t<\/a>\n\t\t\t\t<div class=\"elementor-post__text\">\n\t\t\t\t<h3 class=\"elementor-post__title\">\n\t\t\t<a href=\"https:\/\/www.sundicuttingtools.com\/fr\/news\/technology-articles\/types-of-circular-saw-blades\/\">\n\t\t\t\tTypes de lames de scies circulaires\t\t\t<\/a>\n\t\t<\/h3>\n\t\t\t\t<div class=\"elementor-post__meta-data\">\n\t\t\t\t\t<span class=\"elementor-post-date\">\n\t\t\t24\/03\/2026\t\t<\/span>\n\t\t\t\t<\/div>\n\t\t\t\t<div class=\"elementor-post__excerpt\">\n\t\t\t<p>Guide complet des types de lames de scies circulaires Les lames de scies circulaires, appr\u00e9ci\u00e9es pour leur puissance exceptionnelle et leur polyvalence, sont des outils essentiels qui peuvent \u00eatre utilis\u00e9s dans le cadre d'une activit\u00e9 professionnelle.<\/p>\n\t\t<\/div>\n\t\t\n\t\t<a class=\"elementor-post__read-more\" href=\"https:\/\/www.sundicuttingtools.com\/fr\/news\/technology-articles\/types-of-circular-saw-blades\/\" aria-label=\"En savoir plus sur Types of Circular Saw Blades\" tabindex=\"-1\">\n\t\t\tLire plus \"\t\t<\/a>\n\n\t\t\t\t<\/div>\n\t\t\t\t<\/article>\n\t\t\t\t<article class=\"elementor-post elementor-grid-item post-30663 post type-post status-publish format-standard has-post-thumbnail hentry category-technology-articles\" role=\"listitem\">\n\t\t\t\t<a class=\"elementor-post__thumbnail__link\" href=\"https:\/\/www.sundicuttingtools.com\/fr\/news\/technology-articles\/roughing-vs-finishing-end-mill\/\" tabindex=\"-1\">\n\t\t\t<div class=\"elementor-post__thumbnail\"><img loading=\"lazy\" decoding=\"async\" width=\"300\" height=\"225\" src=\"https:\/\/www.sundicuttingtools.com\/wp-content\/uploads\/2025\/11\/Roughing-vs.-Finishing-End-Mill-300x225.webp\" class=\"attachment-medium size-medium wp-image-30656\" alt=\"Fraise pour \u00e9bauche vs fraise de finition\" srcset=\"https:\/\/www.sundicuttingtools.com\/wp-content\/uploads\/2025\/11\/Roughing-vs.-Finishing-End-Mill-300x225.webp 300w, https:\/\/www.sundicuttingtools.com\/wp-content\/uploads\/2025\/11\/Roughing-vs.-Finishing-End-Mill-768x576.webp 768w, https:\/\/www.sundicuttingtools.com\/wp-content\/uploads\/2025\/11\/Roughing-vs.-Finishing-End-Mill-16x12.webp 16w, https:\/\/www.sundicuttingtools.com\/wp-content\/uploads\/2025\/11\/Roughing-vs.-Finishing-End-Mill.webp 800w\" sizes=\"(max-width: 300px) 100vw, 300px\" \/><\/div>\n\t\t<\/a>\n\t\t\t\t<div class=\"elementor-post__text\">\n\t\t\t\t<h3 class=\"elementor-post__title\">\n\t\t\t<a href=\"https:\/\/www.sundicuttingtools.com\/fr\/news\/technology-articles\/roughing-vs-finishing-end-mill\/\">\n\t\t\t\tFraise pour \u00e9bauche vs fraise de finition\t\t\t<\/a>\n\t\t<\/h3>\n\t\t\t\t<div class=\"elementor-post__meta-data\">\n\t\t\t\t\t<span class=\"elementor-post-date\">\n\t\t\t24\/02\/2026\t\t<\/span>\n\t\t\t\t<\/div>\n\t\t\t\t<div class=\"elementor-post__excerpt\">\n\t\t\t<p>Ebauche et finition Fraise en bout Une fraise en bout est un outil sp\u00e9cial qui coupe par le c\u00f4t\u00e9 et par le haut, \u00e0 la diff\u00e9rence d'une perceuse. Le choix de la<\/p>\n\t\t<\/div>\n\t\t\n\t\t<a class=\"elementor-post__read-more\" href=\"https:\/\/www.sundicuttingtools.com\/fr\/news\/technology-articles\/roughing-vs-finishing-end-mill\/\" aria-label=\"En savoir plus sur Roughing vs. Finishing End Mill\" tabindex=\"-1\">\n\t\t\tLire plus \"\t\t<\/a>\n\n\t\t\t\t<\/div>\n\t\t\t\t<\/article>\n\t\t\t\t<article class=\"elementor-post elementor-grid-item post-30573 post type-post status-publish format-standard has-post-thumbnail hentry category-technology-articles\" role=\"listitem\">\n\t\t\t\t<a class=\"elementor-post__thumbnail__link\" href=\"https:\/\/www.sundicuttingtools.com\/fr\/news\/technology-articles\/cad-vs-cam\/\" tabindex=\"-1\">\n\t\t\t<div class=\"elementor-post__thumbnail\"><img loading=\"lazy\" decoding=\"async\" width=\"300\" height=\"174\" src=\"https:\/\/www.sundicuttingtools.com\/wp-content\/uploads\/2025\/11\/cad-vs-cam-300x174.webp\" class=\"attachment-medium size-medium wp-image-30569\" alt=\"CAO vs FAO\" srcset=\"https:\/\/www.sundicuttingtools.com\/wp-content\/uploads\/2025\/11\/cad-vs-cam-300x174.webp 300w, https:\/\/www.sundicuttingtools.com\/wp-content\/uploads\/2025\/11\/cad-vs-cam-1024x594.webp 1024w, https:\/\/www.sundicuttingtools.com\/wp-content\/uploads\/2025\/11\/cad-vs-cam-768x445.webp 768w, https:\/\/www.sundicuttingtools.com\/wp-content\/uploads\/2025\/11\/cad-vs-cam-18x10.webp 18w, https:\/\/www.sundicuttingtools.com\/wp-content\/uploads\/2025\/11\/cad-vs-cam.webp 1035w\" sizes=\"(max-width: 300px) 100vw, 300px\" \/><\/div>\n\t\t<\/a>\n\t\t\t\t<div class=\"elementor-post__text\">\n\t\t\t\t<h3 class=\"elementor-post__title\">\n\t\t\t<a href=\"https:\/\/www.sundicuttingtools.com\/fr\/news\/technology-articles\/cad-vs-cam\/\">\n\t\t\t\tCAO vs FAO : Comprendre le c\u0153ur de la fabrication num\u00e9rique\t\t\t<\/a>\n\t\t<\/h3>\n\t\t\t\t<div class=\"elementor-post__meta-data\">\n\t\t\t\t\t<span class=\"elementor-post-date\">\n\t\t\t11\/02\/2026\t\t<\/span>\n\t\t\t\t<\/div>\n\t\t\t\t<div class=\"elementor-post__excerpt\">\n\t\t\t<p>CAO vs FAO : Comprendre le c\u0153ur de la fabrication num\u00e9rique Les logiciels utilis\u00e9s dans la fabrication d\u00e9pendent de plusieurs technologies cl\u00e9s, notamment la CAO, la FAO, l'IAO et le PLM.<\/p>\n\t\t<\/div>\n\t\t\n\t\t<a class=\"elementor-post__read-more\" href=\"https:\/\/www.sundicuttingtools.com\/fr\/news\/technology-articles\/cad-vs-cam\/\" aria-label=\"En savoir plus sur CAD vs CAM: Understanding the Core of Digital Manufacturing\" tabindex=\"-1\">\n\t\t\tLire plus \"\t\t<\/a>\n\n\t\t\t\t<\/div>\n\t\t\t\t<\/article>\n\t\t\t\t<\/div>\n\t\t\n\t\t\t\t\t\t<\/div>\n\t\t\t\t<\/div>\n\t\t\t\t\t<\/div>\n\t\t<\/div>\n\t\t\t\t\t<\/div>\n\t\t<\/section>\n\t\t\t\t<\/div>","protected":false},"excerpt":{"rendered":"","protected":false},"author":1,"featured_media":0,"parent":0,"menu_order":0,"comment_status":"closed","ping_status":"closed","template":"","meta":{"footnotes":""},"class_list":["post-497","page","type-page","status-publish","hentry"],"_links":{"self":[{"href":"https:\/\/www.sundicuttingtools.com\/fr\/wp-json\/wp\/v2\/pages\/497","targetHints":{"allow":["GET"]}}],"collection":[{"href":"https:\/\/www.sundicuttingtools.com\/fr\/wp-json\/wp\/v2\/pages"}],"about":[{"href":"https:\/\/www.sundicuttingtools.com\/fr\/wp-json\/wp\/v2\/types\/page"}],"author":[{"embeddable":true,"href":"https:\/\/www.sundicuttingtools.com\/fr\/wp-json\/wp\/v2\/users\/1"}],"replies":[{"embeddable":true,"href":"https:\/\/www.sundicuttingtools.com\/fr\/wp-json\/wp\/v2\/comments?post=497"}],"version-history":[{"count":3,"href":"https:\/\/www.sundicuttingtools.com\/fr\/wp-json\/wp\/v2\/pages\/497\/revisions"}],"predecessor-version":[{"id":1621,"href":"https:\/\/www.sundicuttingtools.com\/fr\/wp-json\/wp\/v2\/pages\/497\/revisions\/1621"}],"wp:attachment":[{"href":"https:\/\/www.sundicuttingtools.com\/fr\/wp-json\/wp\/v2\/media?parent=497"}],"curies":[{"name":"wp","href":"https:\/\/api.w.org\/{rel}","templated":true}]}}